{"id":98,"date":"2025-02-06T04:42:10","date_gmt":"2025-02-06T04:42:10","guid":{"rendered":"https:\/\/lelandraross642.wpdevcodex.com\/?page_id=98"},"modified":"2025-02-11T04:59:29","modified_gmt":"2025-02-11T04:59:29","slug":"our-achievements","status":"publish","type":"page","link":"https:\/\/lelandraross642.wpdevcodex.com\/?page_id=98","title":{"rendered":"Nos r\u00e9alisations"},"content":{"rendered":"\t\t<div data-elementor-type=\"wp-page\" data-elementor-id=\"98\" class=\"elementor elementor-98\" data-elementor-post-type=\"page\">\n\t\t\t\t<div class=\"elementor-element elementor-element-bdb0c62 e-flex e-con-boxed e-con e-parent\" data-id=\"bdb0c62\" data-element_type=\"container\" data-settings=\"{&quot;background_background&quot;:&quot;classic&quot;}\">\n\t\t\t\t\t<div class=\"e-con-inner\">\n\t\t\t\t<div class=\"elementor-element elementor-element-2bf3709 elementor-widget__width-initial elementor-invisible elementor-widget elementor-widget-heading\" data-id=\"2bf3709\" data-element_type=\"widget\" data-settings=\"{&quot;_animation&quot;:&quot;fadeInUp&quot;}\" data-widget_type=\"heading.default\">\n\t\t\t\t<div class=\"elementor-widget-container\">\n\t\t\t\t\t<h2 class=\"elementor-heading-title elementor-size-default\">\u00c0 Propos de Nous - AVO Plomberie<\/h2>\t\t\t\t<\/div>\n\t\t\t\t<\/div>\n\t\t\t\t<div class=\"elementor-element elementor-element-383e215 elementor-widget__width-initial elementor-invisible elementor-widget elementor-widget-text-editor\" data-id=\"383e215\" data-element_type=\"widget\" data-settings=\"{&quot;_animation&quot;:&quot;fadeInUp&quot;}\" data-widget_type=\"text-editor.default\">\n\t\t\t\t<div class=\"elementor-widget-container\">\n\t\t\t\t\t\t\t\t\t<p>D\u00e9couvrez qui nous sommes et ce que nous offrons en tant qu&#8217;entreprise sp\u00e9cialis\u00e9e dans la plomberie, le d\u00e9pannage de chauffage, et la serrureries \u00e0 La Roche-sur-Yon, France. Chez AVO, nous nous engageons \u00e0 fournir des services de qualit\u00e9, professionnels et rapides pour r\u00e9pondre aux besoins de nos clients.<\/p>\t\t\t\t\t\t\t\t<\/div>\n\t\t\t\t<\/div>\n\t\t\t\t\t<\/div>\n\t\t\t\t<\/div>\n\t\t<div class=\"elementor-element elementor-element-5f56163 e-flex e-con-boxed e-con e-parent\" data-id=\"5f56163\" data-element_type=\"container\">\n\t\t\t\t\t<div class=\"e-con-inner\">\n\t\t<div class=\"elementor-element elementor-element-24fd6f3 e-flex e-con-boxed elementor-invisible e-con e-child\" data-id=\"24fd6f3\" data-element_type=\"container\" data-settings=\"{&quot;background_background&quot;:&quot;classic&quot;,&quot;animation&quot;:&quot;fadeInLeft&quot;}\">\n\t\t\t\t\t<div class=\"e-con-inner\">\n\t\t\t\t\t<\/div>\n\t\t\t\t<\/div>\n\t\t<div class=\"elementor-element elementor-element-cbd3e96 e-flex e-con-boxed elementor-invisible e-con e-child\" data-id=\"cbd3e96\" data-element_type=\"container\" data-settings=\"{&quot;animation&quot;:&quot;fadeInRight&quot;}\">\n\t\t\t\t\t<div class=\"e-con-inner\">\n\t\t<div class=\"elementor-element elementor-element-4025535 e-con-full e-flex e-con e-child\" data-id=\"4025535\" data-element_type=\"container\">\n\t\t\t\t<div class=\"elementor-element elementor-element-6c6befc elementor-widget elementor-widget-heading\" data-id=\"6c6befc\" data-element_type=\"widget\" data-widget_type=\"heading.default\">\n\t\t\t\t<div class=\"elementor-widget-container\">\n\t\t\t\t\t<h2 class=\"elementor-heading-title elementor-size-default\">Travaux R\u00e9alis\u00e9s<\/h2>\t\t\t\t<\/div>\n\t\t\t\t<\/div>\n\t\t\t\t<div class=\"elementor-element elementor-element-745f4eb elementor-widget__width-initial elementor-widget elementor-widget-text-editor\" data-id=\"745f4eb\" data-element_type=\"widget\" data-widget_type=\"text-editor.default\">\n\t\t\t\t<div class=\"elementor-widget-container\">\n\t\t\t\t\t\t\t\t\t<div id=\"jw-element-423143601\" class=\"jw-tree-node jw-element jw-image-text\" data-jw-element-id=\"423143601\"><div class=\"jw-element-imagetext-text\"><div id=\"jw-element-423104490\" class=\"jw-tree-node jw-element jw-strip jw-tree-container jw-strip--default jw-strip--style-split-image jw-strip--color-default jw-strip--split-image-position-left jw-strip--padding-both\" data-jw-element-id=\"423104490\"><div class=\"jw-strip__content-container\"><div class=\"jw-strip__content jw-responsive lt540 lt600 lt640 lt800\"><div id=\"jw-element-423104491\" class=\"jw-tree-node jw-element jw-image-text jw-node-is-first-child jw-node-is-last-child\" data-jw-element-id=\"423104491\"><div class=\"jw-element-imagetext-text\"><p>Dans notre galerie, vous trouverez des photos de nos diff\u00e9rents travaux r\u00e9alis\u00e9s pour nos clients. Chaque image t\u00e9moigne de notre professionnalisme et de notre expertise dans le domaine de la plomberie.<\/p><\/div><\/div><\/div><\/div><\/div><\/div><\/div>\t\t\t\t\t\t\t\t<\/div>\n\t\t\t\t<\/div>\n\t\t\t\t<\/div>\n\t\t\t\t\t<\/div>\n\t\t\t\t<\/div>\n\t\t\t\t\t<\/div>\n\t\t\t\t<\/div>\n\t\t<div class=\"elementor-element elementor-element-ce33ca1 e-flex e-con-boxed e-con e-parent\" data-id=\"ce33ca1\" data-element_type=\"container\" data-settings=\"{&quot;background_background&quot;:&quot;classic&quot;}\">\n\t\t\t\t\t<div class=\"e-con-inner\">\n\t\t<div class=\"elementor-element elementor-element-2edd21c e-flex e-con-boxed elementor-invisible e-con e-child\" data-id=\"2edd21c\" data-element_type=\"container\" data-settings=\"{&quot;animation&quot;:&quot;fadeInLeft&quot;}\">\n\t\t\t\t\t<div class=\"e-con-inner\">\n\t\t<div class=\"elementor-element elementor-element-5ae5877 e-con-full e-flex e-con e-child\" data-id=\"5ae5877\" data-element_type=\"container\">\n\t\t\t\t<div class=\"elementor-element elementor-element-d609554 elementor-widget elementor-widget-heading\" data-id=\"d609554\" data-element_type=\"widget\" data-widget_type=\"heading.default\">\n\t\t\t\t<div class=\"elementor-widget-container\">\n\t\t\t\t\t<h2 class=\"elementor-heading-title elementor-size-default\">Qualit\u00e9 de Travail<\/h2>\t\t\t\t<\/div>\n\t\t\t\t<\/div>\n\t\t\t\t<div class=\"elementor-element elementor-element-03a7771 elementor-widget__width-initial elementor-widget elementor-widget-text-editor\" data-id=\"03a7771\" data-element_type=\"widget\" data-widget_type=\"text-editor.default\">\n\t\t\t\t<div class=\"elementor-widget-container\">\n\t\t\t\t\t\t\t\t\t<div id=\"jw-element-423143601\" class=\"jw-tree-node jw-element jw-image-text\" data-jw-element-id=\"423143601\"><div class=\"jw-element-imagetext-text\"><div id=\"jw-element-423143614\" class=\"jw-tree-node jw-element jw-image-text\" data-jw-element-id=\"423143614\"><div class=\"jw-element-imagetext-text\"><p>Nous mettons un point d&#8217;honneur \u00e0 fournir un service de qualit\u00e9 \u00e0 nos clients. Les photos de notre galerie refl\u00e8tent notre engagement envers l&#8217;excellence et notre souci du d\u00e9tail dans chaque intervention.<\/p><\/div><\/div><\/div><\/div>\t\t\t\t\t\t\t\t<\/div>\n\t\t\t\t<\/div>\n\t\t\t\t<\/div>\n\t\t\t\t\t<\/div>\n\t\t\t\t<\/div>\n\t\t<div class=\"elementor-element elementor-element-0c3eafb e-flex e-con-boxed elementor-invisible e-con e-child\" data-id=\"0c3eafb\" data-element_type=\"container\" data-settings=\"{&quot;background_background&quot;:&quot;classic&quot;,&quot;animation&quot;:&quot;fadeInRight&quot;}\">\n\t\t\t\t\t<div class=\"e-con-inner\">\n\t\t\t\t\t<\/div>\n\t\t\t\t<\/div>\n\t\t\t\t\t<\/div>\n\t\t\t\t<\/div>\n\t\t<div class=\"elementor-element elementor-element-fb4d8af e-flex e-con-boxed e-con e-parent\" data-id=\"fb4d8af\" data-element_type=\"container\">\n\t\t\t\t\t<div class=\"e-con-inner\">\n\t\t<div class=\"elementor-element elementor-element-e7d153b e-flex e-con-boxed elementor-invisible e-con e-child\" data-id=\"e7d153b\" data-element_type=\"container\" data-settings=\"{&quot;background_background&quot;:&quot;classic&quot;,&quot;animation&quot;:&quot;fadeInLeft&quot;}\">\n\t\t\t\t\t<div class=\"e-con-inner\">\n\t\t\t\t\t<\/div>\n\t\t\t\t<\/div>\n\t\t<div class=\"elementor-element elementor-element-3311f25 e-flex e-con-boxed elementor-invisible e-con e-child\" data-id=\"3311f25\" data-element_type=\"container\" data-settings=\"{&quot;animation&quot;:&quot;fadeInRight&quot;}\">\n\t\t\t\t\t<div class=\"e-con-inner\">\n\t\t<div class=\"elementor-element elementor-element-3b1547d e-con-full e-flex e-con e-child\" data-id=\"3b1547d\" data-element_type=\"container\">\n\t\t\t\t<div class=\"elementor-element elementor-element-aecfd34 elementor-widget elementor-widget-heading\" data-id=\"aecfd34\" data-element_type=\"widget\" data-widget_type=\"heading.default\">\n\t\t\t\t<div class=\"elementor-widget-container\">\n\t\t\t\t\t<h2 class=\"elementor-heading-title elementor-size-default\">Inspiration pour votre projet<\/h2>\t\t\t\t<\/div>\n\t\t\t\t<\/div>\n\t\t\t\t<div class=\"elementor-element elementor-element-599a1f9 elementor-widget__width-initial elementor-widget elementor-widget-text-editor\" data-id=\"599a1f9\" data-element_type=\"widget\" data-widget_type=\"text-editor.default\">\n\t\t\t\t<div class=\"elementor-widget-container\">\n\t\t\t\t\t\t\t\t\t<div id=\"jw-element-423143601\" class=\"jw-tree-node jw-element jw-image-text\" data-jw-element-id=\"423143601\"><div class=\"jw-element-imagetext-text\"><div id=\"jw-element-423104490\" class=\"jw-tree-node jw-element jw-strip jw-tree-container jw-strip--default jw-strip--style-split-image jw-strip--color-default jw-strip--split-image-position-left jw-strip--padding-both\" data-jw-element-id=\"423104490\"><div class=\"jw-strip__content-container\"><div class=\"jw-strip__content jw-responsive lt540 lt600 lt640 lt800\"><div id=\"jw-element-423104491\" class=\"jw-tree-node jw-element jw-image-text jw-node-is-first-child jw-node-is-last-child\" data-jw-element-id=\"423104491\"><div class=\"jw-element-imagetext-text\"><div id=\"jw-element-423588401\" class=\"jw-tree-node jw-element jw-strip jw-tree-container jw-strip--default jw-strip--style-split-image jw-strip--color-default jw-strip--split-image-position-left jw-strip--padding-both\" data-jw-element-id=\"423588401\"><div class=\"jw-strip__content-container\"><div class=\"jw-strip__content jw-responsive lt540 lt600 lt640 lt800\"><div id=\"jw-element-423588402\" class=\"jw-tree-node jw-element jw-image-text jw-node-is-first-child jw-node-is-last-child\" data-jw-element-id=\"423588402\"><div class=\"jw-element-imagetext-text\"><p>Que vous ayez besoin d&#8217;un d\u00e9pannage rapide, de l&#8217;installation d&#8217;une salle de bains ou de l&#8217;entretien de vos canalisations, notre galerie peut vous inspirer pour votre propre projet. Contactez-nous pour discuter de vos besoins et obtenir un devis personnalis\u00e9.<\/p><\/div><\/div><\/div><\/div><\/div><\/div><\/div><\/div><\/div><\/div><\/div><\/div>\t\t\t\t\t\t\t\t<\/div>\n\t\t\t\t<\/div>\n\t\t\t\t<\/div>\n\t\t\t\t\t<\/div>\n\t\t\t\t<\/div>\n\t\t\t\t\t<\/div>\n\t\t\t\t<\/div>\n\t\t<div class=\"elementor-element elementor-element-2b7aa07 e-con-full e-flex e-con e-parent\" data-id=\"2b7aa07\" data-element_type=\"container\" data-settings=\"{&quot;background_background&quot;:&quot;classic&quot;}\">\n\t\t\t\t<div class=\"elementor-element elementor-element-7a6a0e3 elementor-widget__width-initial elementor-invisible elementor-widget elementor-widget-heading\" data-id=\"7a6a0e3\" data-element_type=\"widget\" data-settings=\"{&quot;_animation&quot;:&quot;fadeInUp&quot;}\" data-widget_type=\"heading.default\">\n\t\t\t\t<div class=\"elementor-widget-container\">\n\t\t\t\t\t<h2 class=\"elementor-heading-title elementor-size-default\">Besoin d'un service de plomberie de qualit\u00e9 ?<\/h2>\t\t\t\t<\/div>\n\t\t\t\t<\/div>\n\t\t\t\t<div class=\"elementor-element elementor-element-35e360c elementor-widget__width-initial elementor-invisible elementor-widget elementor-widget-text-editor\" data-id=\"35e360c\" data-element_type=\"widget\" data-settings=\"{&quot;_animation&quot;:&quot;fadeInUp&quot;}\" data-widget_type=\"text-editor.default\">\n\t\t\t\t<div class=\"elementor-widget-container\">\n\t\t\t\t\t\t\t\t\t<p>Contactez-nous d\u00e8s aujourd&#8217;hui pour b\u00e9n\u00e9ficier de nos services professionnels et fiables. Nous sommes \u00e0 votre disposition pour r\u00e9pondre \u00e0 tous vos besoins en plomberie \u00e0 La Roche-sur-Yon.<\/p>\t\t\t\t\t\t\t\t<\/div>\n\t\t\t\t<\/div>\n\t\t\t\t<div class=\"elementor-element elementor-element-9b9a61a elementor-widget__width-initial elementor-mobile-align-center elementor-tablet-align-center elementor-align-center elementor-invisible elementor-widget elementor-widget-button\" data-id=\"9b9a61a\" data-element_type=\"widget\" data-settings=\"{&quot;_animation&quot;:&quot;fadeInUp&quot;}\" data-widget_type=\"button.default\">\n\t\t\t\t<div class=\"elementor-widget-container\">\n\t\t\t\t\t\t\t\t\t<div class=\"elementor-button-wrapper\">\n\t\t\t\t\t<a class=\"elementor-button elementor-button-link elementor-size-sm\" href=\"https:\/\/lelandraross642.wpdevcodex.com\/?page_id=89\">\n\t\t\t\t\t\t<span class=\"elementor-button-content-wrapper\">\n\t\t\t\t\t\t\t\t\t<span class=\"elementor-button-text\">Contactez-nous<\/span>\n\t\t\t\t\t<\/span>\n\t\t\t\t\t<\/a>\n\t\t\t\t<\/div>\n\t\t\t\t\t\t\t\t<\/div>\n\t\t\t\t<\/div>\n\t\t\t\t<\/div>\n\t\t<div class=\"elementor-element elementor-element-6eda2d7 e-flex e-con-boxed e-con e-parent\" data-id=\"6eda2d7\" data-element_type=\"container\">\n\t\t\t\t\t<div class=\"e-con-inner\">\n\t\t<div class=\"elementor-element elementor-element-e6bac60 e-flex e-con-boxed elementor-invisible e-con e-child\" data-id=\"e6bac60\" data-element_type=\"container\" data-settings=\"{&quot;animation&quot;:&quot;fadeInLeft&quot;}\">\n\t\t\t\t\t<div class=\"e-con-inner\">\n\t\t<div class=\"elementor-element elementor-element-bf3caa6 e-con-full e-flex e-con e-child\" data-id=\"bf3caa6\" data-element_type=\"container\">\n\t\t\t\t<div class=\"elementor-element elementor-element-a1387ff elementor-widget elementor-widget-heading\" data-id=\"a1387ff\" data-element_type=\"widget\" data-widget_type=\"heading.default\">\n\t\t\t\t<div class=\"elementor-widget-container\">\n\t\t\t\t\t<h2 class=\"elementor-heading-title elementor-size-default\">Inspiration pour Votre Projet<\/h2>\t\t\t\t<\/div>\n\t\t\t\t<\/div>\n\t\t\t\t<div class=\"elementor-element elementor-element-30c3c25 elementor-widget__width-initial elementor-widget elementor-widget-text-editor\" data-id=\"30c3c25\" data-element_type=\"widget\" data-widget_type=\"text-editor.default\">\n\t\t\t\t<div class=\"elementor-widget-container\">\n\t\t\t\t\t\t\t\t\t<div id=\"jw-element-423143601\" class=\"jw-tree-node jw-element jw-image-text\" data-jw-element-id=\"423143601\"><div class=\"jw-element-imagetext-text\"><div id=\"jw-element-423143614\" class=\"jw-tree-node jw-element jw-image-text\" data-jw-element-id=\"423143614\"><div class=\"jw-element-imagetext-text\"><div id=\"jw-element-423588395\" class=\"jw-tree-node jw-element jw-strip jw-tree-container jw-strip--default jw-strip--style-split-image jw-strip--color-default jw-strip--split-image-position-right jw-strip--padding-both\" data-jw-element-id=\"423588395\"><div class=\"jw-strip__content-container\"><div class=\"jw-strip__content jw-responsive lt540 lt600 lt640 lt800\"><div id=\"jw-element-423588396\" class=\"jw-tree-node jw-element jw-image-text jw-node-is-first-child jw-node-is-last-child\" data-jw-element-id=\"423588396\"><div class=\"jw-element-imagetext-text\"><p>Que vous ayez besoin d&#8217;un d\u00e9pannage rapide, de l&#8217;installation d&#8217;une salle de bains ou de l&#8217;entretien de vos canalisations, notre galerie peut vous inspirer pour votre propre projet. Contactez-nous pour discuter de vos besoins et obtenir un devis personnalis\u00e9.<\/p><\/div><\/div><\/div><\/div><\/div><\/div><\/div><\/div><\/div>\t\t\t\t\t\t\t\t<\/div>\n\t\t\t\t<\/div>\n\t\t\t\t<\/div>\n\t\t\t\t\t<\/div>\n\t\t\t\t<\/div>\n\t\t<div class=\"elementor-element elementor-element-70c87dc e-flex e-con-boxed elementor-invisible e-con e-child\" data-id=\"70c87dc\" data-element_type=\"container\" data-settings=\"{&quot;background_background&quot;:&quot;classic&quot;,&quot;animation&quot;:&quot;fadeInRight&quot;}\">\n\t\t\t\t\t<div class=\"e-con-inner\">\n\t\t\t\t\t<\/div>\n\t\t\t\t<\/div>\n\t\t\t\t\t<\/div>\n\t\t\t\t<\/div>\n\t\t<div class=\"elementor-element elementor-element-fd30abf e-flex e-con-boxed e-con e-parent\" data-id=\"fd30abf\" data-element_type=\"container\" data-settings=\"{&quot;background_background&quot;:&quot;classic&quot;}\">\n\t\t\t\t\t<div class=\"e-con-inner\">\n\t\t<div class=\"elementor-element elementor-element-a57e34b e-flex e-con-boxed elementor-invisible e-con e-child\" data-id=\"a57e34b\" data-element_type=\"container\" data-settings=\"{&quot;background_background&quot;:&quot;classic&quot;,&quot;animation&quot;:&quot;fadeInLeft&quot;}\">\n\t\t\t\t\t<div class=\"e-con-inner\">\n\t\t\t\t\t<\/div>\n\t\t\t\t<\/div>\n\t\t<div class=\"elementor-element elementor-element-39d5f8c e-flex e-con-boxed elementor-invisible e-con e-child\" data-id=\"39d5f8c\" data-element_type=\"container\" data-settings=\"{&quot;animation&quot;:&quot;fadeInRight&quot;}\">\n\t\t\t\t\t<div class=\"e-con-inner\">\n\t\t<div class=\"elementor-element elementor-element-2c43ab6 e-con-full e-flex e-con e-child\" data-id=\"2c43ab6\" data-element_type=\"container\">\n\t\t\t\t<div class=\"elementor-element elementor-element-2bde167 elementor-widget elementor-widget-heading\" data-id=\"2bde167\" data-element_type=\"widget\" data-widget_type=\"heading.default\">\n\t\t\t\t<div class=\"elementor-widget-container\">\n\t\t\t\t\t<h2 class=\"elementor-heading-title elementor-size-default\">Qualit\u00e9 de Travail<\/h2>\t\t\t\t<\/div>\n\t\t\t\t<\/div>\n\t\t\t\t<div class=\"elementor-element elementor-element-0bbaac1 elementor-widget__width-initial elementor-widget elementor-widget-text-editor\" data-id=\"0bbaac1\" data-element_type=\"widget\" data-widget_type=\"text-editor.default\">\n\t\t\t\t<div class=\"elementor-widget-container\">\n\t\t\t\t\t\t\t\t\t<div id=\"jw-element-423143601\" class=\"jw-tree-node jw-element jw-image-text\" data-jw-element-id=\"423143601\"><div class=\"jw-element-imagetext-text\"><div id=\"jw-element-423104490\" class=\"jw-tree-node jw-element jw-strip jw-tree-container jw-strip--default jw-strip--style-split-image jw-strip--color-default jw-strip--split-image-position-left jw-strip--padding-both\" data-jw-element-id=\"423104490\"><div class=\"jw-strip__content-container\"><div class=\"jw-strip__content jw-responsive lt540 lt600 lt640 lt800\"><div id=\"jw-element-423104491\" class=\"jw-tree-node jw-element jw-image-text jw-node-is-first-child jw-node-is-last-child\" data-jw-element-id=\"423104491\"><div class=\"jw-element-imagetext-text\"><div id=\"jw-element-423588401\" class=\"jw-tree-node jw-element jw-strip jw-tree-container jw-strip--default jw-strip--style-split-image jw-strip--color-default jw-strip--split-image-position-left jw-strip--padding-both\" data-jw-element-id=\"423588401\"><div class=\"jw-strip__content-container\"><div class=\"jw-strip__content jw-responsive lt540 lt600 lt640 lt800\"><div id=\"jw-element-423588402\" class=\"jw-tree-node jw-element jw-image-text jw-node-is-first-child jw-node-is-last-child\" data-jw-element-id=\"423588402\"><div class=\"jw-element-imagetext-text\"><p>Nous mettons un point d&#8217;honneur \u00e0 fournir un service de qualit\u00e9 \u00e0 nos clients. Les photos de notre galerie refl\u00e8tent notre engagement envers l&#8217;excellence et notre souci du d\u00e9tail dans chaque intervention.<\/p><\/div><\/div><\/div><\/div><\/div><\/div><\/div><\/div><\/div><\/div><\/div><\/div>\t\t\t\t\t\t\t\t<\/div>\n\t\t\t\t<\/div>\n\t\t\t\t<\/div>\n\t\t\t\t\t<\/div>\n\t\t\t\t<\/div>\n\t\t\t\t\t<\/div>\n\t\t\t\t<\/div>\n\t\t<div class=\"elementor-element elementor-element-abe04f9 e-flex e-con-boxed e-con e-parent\" data-id=\"abe04f9\" data-element_type=\"container\">\n\t\t\t\t\t<div class=\"e-con-inner\">\n\t\t<div class=\"elementor-element elementor-element-2bc9bb9 e-flex e-con-boxed elementor-invisible e-con e-child\" data-id=\"2bc9bb9\" data-element_type=\"container\" data-settings=\"{&quot;animation&quot;:&quot;fadeInLeft&quot;}\">\n\t\t\t\t\t<div class=\"e-con-inner\">\n\t\t<div class=\"elementor-element elementor-element-b6f3166 e-con-full e-flex e-con e-child\" data-id=\"b6f3166\" data-element_type=\"container\">\n\t\t\t\t<div class=\"elementor-element elementor-element-3828e54 elementor-widget elementor-widget-heading\" data-id=\"3828e54\" data-element_type=\"widget\" data-widget_type=\"heading.default\">\n\t\t\t\t<div class=\"elementor-widget-container\">\n\t\t\t\t\t<h2 class=\"elementor-heading-title elementor-size-default\">Travaux R\u00e9alis\u00e9s\n<\/h2>\t\t\t\t<\/div>\n\t\t\t\t<\/div>\n\t\t\t\t<div class=\"elementor-element elementor-element-488a5d8 elementor-widget__width-initial elementor-widget elementor-widget-text-editor\" data-id=\"488a5d8\" data-element_type=\"widget\" data-widget_type=\"text-editor.default\">\n\t\t\t\t<div class=\"elementor-widget-container\">\n\t\t\t\t\t\t\t\t\t<div id=\"jw-element-423143601\" class=\"jw-tree-node jw-element jw-image-text\" data-jw-element-id=\"423143601\"><div class=\"jw-element-imagetext-text\"><div id=\"jw-element-423143614\" class=\"jw-tree-node jw-element jw-image-text\" data-jw-element-id=\"423143614\"><div class=\"jw-element-imagetext-text\"><p>Dans notre galerie, vous trouverez des photos de nos diff\u00e9rents travaux r\u00e9alis\u00e9s pour nos clients. Chaque image t\u00e9moigne de notre professionnalisme et de notre expertise dans le domaine de la plomberie.<\/p><\/div><\/div><\/div><\/div>\t\t\t\t\t\t\t\t<\/div>\n\t\t\t\t<\/div>\n\t\t\t\t<\/div>\n\t\t\t\t\t<\/div>\n\t\t\t\t<\/div>\n\t\t<div class=\"elementor-element elementor-element-b50c858 e-flex e-con-boxed elementor-invisible e-con e-child\" data-id=\"b50c858\" data-element_type=\"container\" data-settings=\"{&quot;background_background&quot;:&quot;classic&quot;,&quot;animation&quot;:&quot;fadeInRight&quot;}\">\n\t\t\t\t\t<div class=\"e-con-inner\">\n\t\t\t\t\t<\/div>\n\t\t\t\t<\/div>\n\t\t\t\t\t<\/div>\n\t\t\t\t<\/div>\n\t\t<div class=\"elementor-element elementor-element-eb47b56 e-flex e-con-boxed e-con e-parent\" data-id=\"eb47b56\" data-element_type=\"container\" data-settings=\"{&quot;background_background&quot;:&quot;classic&quot;}\">\n\t\t\t\t\t<div class=\"e-con-inner\">\n\t\t<div class=\"elementor-element elementor-element-8c9fcdf e-flex e-con-boxed elementor-invisible e-con e-child\" data-id=\"8c9fcdf\" data-element_type=\"container\" data-settings=\"{&quot;background_background&quot;:&quot;classic&quot;,&quot;animation&quot;:&quot;fadeInLeft&quot;}\">\n\t\t\t\t\t<div class=\"e-con-inner\">\n\t\t\t\t\t<\/div>\n\t\t\t\t<\/div>\n\t\t<div class=\"elementor-element elementor-element-bdc9edb e-flex e-con-boxed elementor-invisible e-con e-child\" data-id=\"bdc9edb\" data-element_type=\"container\" data-settings=\"{&quot;animation&quot;:&quot;fadeInRight&quot;}\">\n\t\t\t\t\t<div class=\"e-con-inner\">\n\t\t<div class=\"elementor-element elementor-element-f7acff8 e-con-full e-flex e-con e-child\" data-id=\"f7acff8\" data-element_type=\"container\">\n\t\t\t\t<div class=\"elementor-element elementor-element-2fda44c elementor-widget elementor-widget-heading\" data-id=\"2fda44c\" data-element_type=\"widget\" data-widget_type=\"heading.default\">\n\t\t\t\t<div class=\"elementor-widget-container\">\n\t\t\t\t\t<h2 class=\"elementor-heading-title elementor-size-default\">S\u00e9curit\u00e9 Vid\u00e9o Avanc\u00e9e<\/h2>\t\t\t\t<\/div>\n\t\t\t\t<\/div>\n\t\t\t\t<div class=\"elementor-element elementor-element-b00576d elementor-widget__width-initial elementor-widget elementor-widget-text-editor\" data-id=\"b00576d\" data-element_type=\"widget\" data-widget_type=\"text-editor.default\">\n\t\t\t\t<div class=\"elementor-widget-container\">\n\t\t\t\t\t\t\t\t\t<div id=\"jw-element-423143601\" class=\"jw-tree-node jw-element jw-image-text\" data-jw-element-id=\"423143601\"><div class=\"jw-element-imagetext-text\"><div id=\"jw-element-423104490\" class=\"jw-tree-node jw-element jw-strip jw-tree-container jw-strip--default jw-strip--style-split-image jw-strip--color-default jw-strip--split-image-position-left jw-strip--padding-both\" data-jw-element-id=\"423104490\"><div class=\"jw-strip__content-container\"><div class=\"jw-strip__content jw-responsive lt540 lt600 lt640 lt800\"><div id=\"jw-element-423104491\" class=\"jw-tree-node jw-element jw-image-text jw-node-is-first-child jw-node-is-last-child\" data-jw-element-id=\"423104491\"><div class=\"jw-element-imagetext-text\"><div id=\"jw-element-423588401\" class=\"jw-tree-node jw-element jw-strip jw-tree-container jw-strip--default jw-strip--style-split-image jw-strip--color-default jw-strip--split-image-position-left jw-strip--padding-both\" data-jw-element-id=\"423588401\"><div class=\"jw-strip__content-container\"><div class=\"jw-strip__content jw-responsive lt540 lt600 lt640 lt800\"><div id=\"jw-element-423588402\" class=\"jw-tree-node jw-element jw-image-text jw-node-is-first-child jw-node-is-last-child\" data-jw-element-id=\"423588402\"><div class=\"jw-element-imagetext-text\"><p>Offrez \u00e0 vos biens une protection renforc\u00e9e avec nos solutions compl\u00e8tes de vid\u00e9osurveillance. Installation de nouvelles cam\u00e9ras, maintenance des \u00e9quipements existants et surveillance continue pour garantir votre tranquillit\u00e9 d\u2019esprit.<\/p><\/div><\/div><\/div><\/div><\/div><\/div><\/div><\/div><\/div><\/div><\/div><\/div>\t\t\t\t\t\t\t\t<\/div>\n\t\t\t\t<\/div>\n\t\t\t\t<\/div>\n\t\t\t\t\t<\/div>\n\t\t\t\t<\/div>\n\t\t\t\t\t<\/div>\n\t\t\t\t<\/div>\n\t\t\t\t<\/div>\n\t\t","protected":false},"excerpt":{"rendered":"<p>\u00c0 Propos de Nous &#8211; AVO Plomberie D\u00e9couvrez qui nous sommes et ce que nous offrons en tant qu&#8217;entreprise sp\u00e9cialis\u00e9e dans la plomberie, le d\u00e9pannage de chauffage, et la serrureries \u00e0 La Roche-sur-Yon, France. Chez AVO, nous nous engageons \u00e0 fournir des services de qualit\u00e9, professionnels et rapides pour r\u00e9pondre aux besoins de nos clients. [&hellip;]<\/p>\n","protected":false},"author":1,"featured_media":0,"parent":0,"menu_order":0,"comment_status":"closed","ping_status":"closed","template":"elementor_header_footer","meta":{"footnotes":""},"class_list":["post-98","page","type-page","status-publish","hentry"],"_links":{"self":[{"href":"https:\/\/lelandraross642.wpdevcodex.com\/index.php?rest_route=\/wp\/v2\/pages\/98","targetHints":{"allow":["GET"]}}],"collection":[{"href":"https:\/\/lelandraross642.wpdevcodex.com\/index.php?rest_route=\/wp\/v2\/pages"}],"about":[{"href":"https:\/\/lelandraross642.wpdevcodex.com\/index.php?rest_route=\/wp\/v2\/types\/page"}],"author":[{"embeddable":true,"href":"https:\/\/lelandraross642.wpdevcodex.com\/index.php?rest_route=\/wp\/v2\/users\/1"}],"replies":[{"embeddable":true,"href":"https:\/\/lelandraross642.wpdevcodex.com\/index.php?rest_route=%2Fwp%2Fv2%2Fcomments&post=98"}],"version-history":[{"count":47,"href":"https:\/\/lelandraross642.wpdevcodex.com\/index.php?rest_route=\/wp\/v2\/pages\/98\/revisions"}],"predecessor-version":[{"id":514,"href":"https:\/\/lelandraross642.wpdevcodex.com\/index.php?rest_route=\/wp\/v2\/pages\/98\/revisions\/514"}],"wp:attachment":[{"href":"https:\/\/lelandraross642.wpdevcodex.com\/index.php?rest_route=%2Fwp%2Fv2%2Fmedia&parent=98"}],"curies":[{"name":"wp","href":"https:\/\/api.w.org\/{rel}","templated":true}]}}